{"id":14,"date":"2024-11-26T19:33:06","date_gmt":"2024-11-26T19:33:06","guid":{"rendered":"https:\/\/evoluegestaocontabil.com.br\/?page_id=14"},"modified":"2024-12-04T21:15:53","modified_gmt":"2024-12-04T21:15:53","slug":"servicos","status":"publish","type":"page","link":"https:\/\/evoluegestaocontabil.com.br\/index.php\/servicos\/","title":{"rendered":"Servi\u00e7os"},"content":{"rendered":"\t\t<div data-elementor-type=\"wp-page\" data-elementor-id=\"14\" class=\"elementor elementor-14\" data-elementor-post-type=\"page\">\n\t\t\t\t\t\t<section class=\"elementor-section elementor-top-section elementor-element elementor-element-7ca0ba8 elementor-section-height-min-height elementor-section-boxed elementor-section-height-default elementor-section-items-middle\" data-id=\"7ca0ba8\" data-element_type=\"section\" data-settings=\"{&quot;background_background&quot;:&quot;classic&quot;}\">\n\t\t\t\t\t\t\t<div class=\"elementor-background-overlay\"><\/div>\n\t\t\t\t\t\t\t<div class=\"elementor-container elementor-column-gap-default\">\n\t\t\t\t\t<div class=\"elementor-column elementor-col-100 elementor-top-column elementor-element elementor-element-481afb6\" data-id=\"481afb6\" data-element_type=\"column\">\n\t\t\t<div class=\"elementor-widget-wrap elementor-element-populated\">\n\t\t\t\t\t\t\t<\/div>\n\t\t<\/div>\n\t\t\t\t\t<\/div>\n\t\t<\/section>\n\t\t\t\t<section class=\"elementor-section elementor-top-section elementor-element elementor-element-8de9fc7 elementor-section-boxed elementor-section-height-default elementor-section-height-default\" data-id=\"8de9fc7\" data-element_type=\"section\">\n\t\t\t\t\t\t<div class=\"elementor-container elementor-column-gap-default\">\n\t\t\t\t\t<div class=\"elementor-column elementor-col-100 elementor-top-column elementor-element elementor-element-970ae45\" data-id=\"970ae45\" data-element_type=\"column\">\n\t\t\t<div class=\"elementor-widget-wrap elementor-element-populated\">\n\t\t\t\t\t\t<div class=\"elementor-element elementor-element-603502f elementor-widget elementor-widget-text-editor\" data-id=\"603502f\" data-element_type=\"widget\" data-widget_type=\"text-editor.default\">\n\t\t\t\t<div class=\"elementor-widget-container\">\n\t\t\t\t\t\t\t<p><strong>Mais que Contabilidade, uma Gest\u00e3o Completa<\/strong><br \/>Na <strong>Evolue Gest\u00e3o Cont\u00e1bil e Financeira<\/strong>, nossos servi\u00e7os v\u00e3o al\u00e9m do b\u00e1sico. Oferecemos solu\u00e7\u00f5es personalizadas para atender \u00e0s necessidades \u00fanicas do seu neg\u00f3cio, garantindo efici\u00eancia, conformidade e estrat\u00e9gias que impulsionam o crescimento.<\/p>\t\t\t\t\t\t<\/div>\n\t\t\t\t<\/div>\n\t\t\t\t<section class=\"elementor-section elementor-inner-section elementor-element elementor-element-b4eaa23 elementor-section-boxed elementor-section-height-default elementor-section-height-default\" data-id=\"b4eaa23\" data-element_type=\"section\">\n\t\t\t\t\t\t<div class=\"elementor-container elementor-column-gap-default\">\n\t\t\t\t\t<div class=\"elementor-column elementor-col-33 elementor-inner-column elementor-element elementor-element-2ec93e2 animated-slow elementor-invisible\" data-id=\"2ec93e2\" data-element_type=\"column\" data-settings=\"{&quot;animation&quot;:&quot;fadeInUp&quot;}\">\n\t\t\t<div class=\"elementor-widget-wrap elementor-element-populated\">\n\t\t\t\t\t\t<div class=\"elementor-element elementor-element-3de6554 elementor-position-top elementor-widget elementor-widget-image-box\" data-id=\"3de6554\" data-element_type=\"widget\" data-widget_type=\"image-box.default\">\n\t\t\t\t<div class=\"elementor-widget-container\">\n\t\t\t<div class=\"elementor-image-box-wrapper\"><figure class=\"elementor-image-box-img\"><img decoding=\"async\" width=\"64\" height=\"64\" src=\"https:\/\/evoluegestaocontabil.com.br\/wp-content\/uploads\/2024\/12\/3.png\" class=\"elementor-animation-grow attachment-full size-full wp-image-209\" alt=\"\" \/><\/figure><div class=\"elementor-image-box-content\"><h3 class=\"elementor-image-box-title\">Contabilidade Empresarial<\/h3><p class=\"elementor-image-box-description\">Gest\u00e3o completa para atender \u00e0s obriga\u00e7\u00f5es cont\u00e1beis e fiscais, com relat\u00f3rios claros e detalhados que auxiliam na tomada de decis\u00f5es estrat\u00e9gicas.<\/p><\/div><\/div>\t\t<\/div>\n\t\t\t\t<\/div>\n\t\t\t\t\t<\/div>\n\t\t<\/div>\n\t\t\t\t<div class=\"elementor-column elementor-col-33 elementor-inner-column elementor-element elementor-element-46d7fca animated-slow elementor-invisible\" data-id=\"46d7fca\" data-element_type=\"column\" data-settings=\"{&quot;animation&quot;:&quot;fadeInUp&quot;}\">\n\t\t\t<div class=\"elementor-widget-wrap elementor-element-populated\">\n\t\t\t\t\t\t<div class=\"elementor-element elementor-element-2bb62aa elementor-position-top elementor-widget elementor-widget-image-box\" data-id=\"2bb62aa\" data-element_type=\"widget\" data-widget_type=\"image-box.default\">\n\t\t\t\t<div class=\"elementor-widget-container\">\n\t\t\t<div class=\"elementor-image-box-wrapper\"><figure class=\"elementor-image-box-img\"><img decoding=\"async\" width=\"64\" height=\"64\" src=\"https:\/\/evoluegestaocontabil.com.br\/wp-content\/uploads\/2024\/12\/2.png\" class=\"elementor-animation-grow attachment-full size-full wp-image-208\" alt=\"\" \/><\/figure><div class=\"elementor-image-box-content\"><h3 class=\"elementor-image-box-title\">Planejamento Tribut\u00e1rio<\/h3><p class=\"elementor-image-box-description\">Identificamos oportunidades para reduzir a carga tribut\u00e1ria legalmente, otimizando seus resultados e aumentando a competitividade do seu neg\u00f3cio.<\/p><\/div><\/div>\t\t<\/div>\n\t\t\t\t<\/div>\n\t\t\t\t\t<\/div>\n\t\t<\/div>\n\t\t\t\t<div class=\"elementor-column elementor-col-33 elementor-inner-column elementor-element elementor-element-cffa694 elementor-invisible\" data-id=\"cffa694\" data-element_type=\"column\" data-settings=\"{&quot;animation&quot;:&quot;fadeInUp&quot;}\">\n\t\t\t<div class=\"elementor-widget-wrap elementor-element-populated\">\n\t\t\t\t\t\t<div class=\"elementor-element elementor-element-2fdef79 elementor-position-top elementor-widget elementor-widget-image-box\" data-id=\"2fdef79\" data-element_type=\"widget\" data-widget_type=\"image-box.default\">\n\t\t\t\t<div class=\"elementor-widget-container\">\n\t\t\t<div class=\"elementor-image-box-wrapper\"><figure class=\"elementor-image-box-img\"><img decoding=\"async\" width=\"64\" height=\"64\" src=\"https:\/\/evoluegestaocontabil.com.br\/wp-content\/uploads\/2024\/12\/office-building2.png\" class=\"elementor-animation-grow attachment-full size-full wp-image-207\" alt=\"\" \/><\/figure><div class=\"elementor-image-box-content\"><h3 class=\"elementor-image-box-title\">Abertura e Regulariza\u00e7\u00e3o de Empresas<\/h3><p class=\"elementor-image-box-description\">Acompanhamos desde a escolha do formato societ\u00e1rio at\u00e9 o registro e legaliza\u00e7\u00e3o, garantindo que seu neg\u00f3cio comece da maneira correta e em conformidade com a legisla\u00e7\u00e3o.<\/p><\/div><\/div>\t\t<\/div>\n\t\t\t\t<\/div>\n\t\t\t\t\t<\/div>\n\t\t<\/div>\n\t\t\t\t\t<\/div>\n\t\t<\/section>\n\t\t\t\t<section class=\"elementor-section elementor-inner-section elementor-element elementor-element-4c1625c elementor-section-boxed elementor-section-height-default elementor-section-height-default\" data-id=\"4c1625c\" data-element_type=\"section\">\n\t\t\t\t\t\t<div class=\"elementor-container elementor-column-gap-default\">\n\t\t\t\t\t<div class=\"elementor-column elementor-col-33 elementor-inner-column elementor-element elementor-element-97d1908 animated-slow elementor-invisible\" data-id=\"97d1908\" data-element_type=\"column\" data-settings=\"{&quot;animation&quot;:&quot;fadeInUp&quot;}\">\n\t\t\t<div class=\"elementor-widget-wrap elementor-element-populated\">\n\t\t\t\t\t\t<div class=\"elementor-element elementor-element-eefc040 elementor-position-top elementor-widget elementor-widget-image-box\" data-id=\"eefc040\" data-element_type=\"widget\" data-widget_type=\"image-box.default\">\n\t\t\t\t<div class=\"elementor-widget-container\">\n\t\t\t<div class=\"elementor-image-box-wrapper\"><figure class=\"elementor-image-box-img\"><img loading=\"lazy\" decoding=\"async\" width=\"64\" height=\"64\" src=\"https:\/\/evoluegestaocontabil.com.br\/wp-content\/uploads\/2024\/12\/team3.png\" class=\"elementor-animation-grow attachment-full size-full wp-image-210\" alt=\"\" \/><\/figure><div class=\"elementor-image-box-content\"><h3 class=\"elementor-image-box-title\">Departamento Pessoal e Folha de Pagamento<\/h3><p class=\"elementor-image-box-description\">Cuidamos de toda a gest\u00e3o de pessoas, desde admiss\u00f5es e demiss\u00f5es at\u00e9 o processamento da folha de pagamento, encargos e cumprimento de obriga\u00e7\u00f5es trabalhistas.<\/p><\/div><\/div>\t\t<\/div>\n\t\t\t\t<\/div>\n\t\t\t\t\t<\/div>\n\t\t<\/div>\n\t\t\t\t<div class=\"elementor-column elementor-col-33 elementor-inner-column elementor-element elementor-element-91101bd animated-slow elementor-invisible\" data-id=\"91101bd\" data-element_type=\"column\" data-settings=\"{&quot;animation&quot;:&quot;fadeInUp&quot;}\">\n\t\t\t<div class=\"elementor-widget-wrap elementor-element-populated\">\n\t\t\t\t\t\t<div class=\"elementor-element elementor-element-971d29d elementor-position-top elementor-widget elementor-widget-image-box\" data-id=\"971d29d\" data-element_type=\"widget\" data-widget_type=\"image-box.default\">\n\t\t\t\t<div class=\"elementor-widget-container\">\n\t\t\t<div class=\"elementor-image-box-wrapper\"><figure class=\"elementor-image-box-img\"><img loading=\"lazy\" decoding=\"async\" width=\"64\" height=\"64\" src=\"https:\/\/evoluegestaocontabil.com.br\/wp-content\/uploads\/2024\/12\/statistics4.png\" class=\"elementor-animation-grow attachment-full size-full wp-image-211\" alt=\"\" \/><\/figure><div class=\"elementor-image-box-content\"><h3 class=\"elementor-image-box-title\">Consultoria Financeira<\/h3><p class=\"elementor-image-box-description\">Oferecemos suporte para melhorar a sa\u00fade financeira da sua empresa, com an\u00e1lise de fluxo de caixa, redu\u00e7\u00e3o de custos e planejamento financeiro para curto, m\u00e9dio e longo prazo.<\/p><\/div><\/div>\t\t<\/div>\n\t\t\t\t<\/div>\n\t\t\t\t\t<\/div>\n\t\t<\/div>\n\t\t\t\t<div class=\"elementor-column elementor-col-33 elementor-inner-column elementor-element elementor-element-42fa268 animated-slow elementor-invisible\" data-id=\"42fa268\" data-element_type=\"column\" data-settings=\"{&quot;animation&quot;:&quot;fadeInUp&quot;}\">\n\t\t\t<div class=\"elementor-widget-wrap elementor-element-populated\">\n\t\t\t\t\t\t<div class=\"elementor-element elementor-element-3ce7d1d elementor-position-top elementor-widget elementor-widget-image-box\" data-id=\"3ce7d1d\" data-element_type=\"widget\" data-widget_type=\"image-box.default\">\n\t\t\t\t<div class=\"elementor-widget-container\">\n\t\t\t<div class=\"elementor-image-box-wrapper\"><figure class=\"elementor-image-box-img\"><img loading=\"lazy\" decoding=\"async\" width=\"64\" height=\"64\" src=\"https:\/\/evoluegestaocontabil.com.br\/wp-content\/uploads\/2024\/12\/monitor5.png\" class=\"elementor-animation-grow attachment-full size-full wp-image-212\" alt=\"\" \/><\/figure><div class=\"elementor-image-box-content\"><h3 class=\"elementor-image-box-title\">Controle e Gest\u00e3o de Documenta\u00e7\u00e3o<\/h3><p class=\"elementor-image-box-description\">Centralizamos e organizamos toda a documenta\u00e7\u00e3o fiscal, cont\u00e1bil e trabalhista da sua empresa, garantindo seguran\u00e7a e praticidade no dia a dia.<\/p><\/div><\/div>\t\t<\/div>\n\t\t\t\t<\/div>\n\t\t\t\t\t<\/div>\n\t\t<\/div>\n\t\t\t\t\t<\/div>\n\t\t<\/section>\n\t\t\t\t\t<\/div>\n\t\t<\/div>\n\t\t\t\t\t<\/div>\n\t\t<\/section>\n\t\t\t\t<section class=\"elementor-section elementor-top-section elementor-element elementor-element-f3a819c elementor-section-boxed elementor-section-height-default elementor-section-height-default\" data-id=\"f3a819c\" data-element_type=\"section\" data-settings=\"{&quot;background_background&quot;:&quot;classic&quot;}\">\n\t\t\t\t\t\t<div class=\"elementor-container elementor-column-gap-default\">\n\t\t\t\t\t<div class=\"elementor-column elementor-col-100 elementor-top-column elementor-element elementor-element-7aef4c5\" data-id=\"7aef4c5\" data-element_type=\"column\">\n\t\t\t<div class=\"elementor-widget-wrap elementor-element-populated\">\n\t\t\t\t\t\t<div class=\"elementor-element elementor-element-4ec3d03 animated-slow elementor-invisible elementor-widget elementor-widget-heading\" data-id=\"4ec3d03\" data-element_type=\"widget\" data-settings=\"{&quot;_animation&quot;:&quot;fadeInRight&quot;}\" data-widget_type=\"heading.default\">\n\t\t\t\t<div class=\"elementor-widget-container\">\n\t\t\t<h2 class=\"elementor-heading-title elementor-size-xxl\">Pronto para transformar a gest\u00e3o do seu neg\u00f3cio?<\/h2>\t\t<\/div>\n\t\t\t\t<\/div>\n\t\t\t\t<div class=\"elementor-element elementor-element-c31c8e0 elementor-invisible elementor-widget elementor-widget-text-editor\" data-id=\"c31c8e0\" data-element_type=\"widget\" data-settings=\"{&quot;_animation&quot;:&quot;fadeInRight&quot;}\" data-widget_type=\"text-editor.default\">\n\t\t\t\t<div class=\"elementor-widget-container\">\n\t\t\t\t\t\t\t<p>Entre em contato com a <b>Evolue Gest\u00e3o Cont\u00e1bil e Financeira<\/b> e descubra como podemos levar sua empresa ao pr\u00f3ximo n\u00edvel!<\/p>\t\t\t\t\t\t<\/div>\n\t\t\t\t<\/div>\n\t\t\t\t<div class=\"elementor-element elementor-element-0a3d8ee elementor-align-center elementor-widget elementor-widget-button\" data-id=\"0a3d8ee\" data-element_type=\"widget\" data-widget_type=\"button.default\">\n\t\t\t\t<div class=\"elementor-widget-container\">\n\t\t\t\t\t\t\t<div class=\"elementor-button-wrapper\">\n\t\t\t\t\t<a class=\"elementor-button elementor-button-link elementor-size-sm elementor-animation-bounce-in\" href=\"https:\/\/evoluegestaocontabil.com.br\/contato\">\n\t\t\t\t\t\t<span class=\"elementor-button-content-wrapper\">\n\t\t\t\t\t\t\t\t\t<span class=\"elementor-button-text\"> Fale com um especialista agora<\/span>\n\t\t\t\t\t<\/span>\n\t\t\t\t\t<\/a>\n\t\t\t\t<\/div>\n\t\t\t\t\t\t<\/div>\n\t\t\t\t<\/div>\n\t\t\t\t\t<\/div>\n\t\t<\/div>\n\t\t\t\t\t<\/div>\n\t\t<\/section>\n\t\t\t\t<\/div>\n\t\t","protected":false},"excerpt":{"rendered":"<p>Mais que Contabilidade, uma Gest\u00e3o CompletaNa Evolue Gest\u00e3o Cont\u00e1bil e Financeira, nossos servi\u00e7os v\u00e3o al\u00e9m do b\u00e1sico. Oferecemos solu\u00e7\u00f5es personalizadas para atender \u00e0s necessidades \u00fanicas do seu neg\u00f3cio, garantindo efici\u00eancia, conformidade e estrat\u00e9gias que impulsionam o crescimento. Contabilidade Empresarial Gest\u00e3o completa para atender \u00e0s obriga\u00e7\u00f5es cont\u00e1beis e fiscais, com relat\u00f3rios claros e detalhados que auxiliam &hellip; <\/p>\n<p class=\"link-more\"><a href=\"https:\/\/evoluegestaocontabil.com.br\/index.php\/servicos\/\" class=\"more-link\">Continue lendo<span class=\"screen-reader-text\"> &#8220;Servi\u00e7os&#8221;<\/span><\/a><\/p>\n","protected":false},"author":1,"featured_media":0,"parent":0,"menu_order":0,"comment_status":"closed","ping_status":"closed","template":"elementor_header_footer","meta":{"footnotes":""},"class_list":["post-14","page","type-page","status-publish","hentry"],"_links":{"self":[{"href":"https:\/\/evoluegestaocontabil.com.br\/index.php\/wp-json\/wp\/v2\/pages\/14","targetHints":{"allow":["GET"]}}],"collection":[{"href":"https:\/\/evoluegestaocontabil.com.br\/index.php\/wp-json\/wp\/v2\/pages"}],"about":[{"href":"https:\/\/evoluegestaocontabil.com.br\/index.php\/wp-json\/wp\/v2\/types\/page"}],"author":[{"embeddable":true,"href":"https:\/\/evoluegestaocontabil.com.br\/index.php\/wp-json\/wp\/v2\/users\/1"}],"replies":[{"embeddable":true,"href":"https:\/\/evoluegestaocontabil.com.br\/index.php\/wp-json\/wp\/v2\/comments?post=14"}],"version-history":[{"count":31,"href":"https:\/\/evoluegestaocontabil.com.br\/index.php\/wp-json\/wp\/v2\/pages\/14\/revisions"}],"predecessor-version":[{"id":269,"href":"https:\/\/evoluegestaocontabil.com.br\/index.php\/wp-json\/wp\/v2\/pages\/14\/revisions\/269"}],"wp:attachment":[{"href":"https:\/\/evoluegestaocontabil.com.br\/index.php\/wp-json\/wp\/v2\/media?parent=14"}],"curies":[{"name":"wp","href":"https:\/\/api.w.org\/{rel}","templated":true}]}}